{"id":26,"date":"2024-01-01T10:19:00","date_gmt":"2024-01-01T10:19:00","guid":{"rendered":"https:\/\/biblioteka.sulejow.pl\/wpmbps\/?page_id=26"},"modified":"2026-02-26T17:49:20","modified_gmt":"2026-02-26T17:49:20","slug":"filia-biblioteczna-w-przyglowie","status":"publish","type":"page","link":"https:\/\/biblioteka.sulejow.pl\/?page_id=26","title":{"rendered":"Filia biblioteczna w Przyg\u0142owie"},"content":{"rendered":"\n<p id=\"tresc\">Filia Biblioteczna w Przyg\u0142owie<br>ul. Sulejowska 33<br>97 &#8211; 330 Sulej\u00f3w<br>tel. 44 789 03 05<br>email: przyglow@biblioteka.sulejow.pl<br>Godziny otwarcia: wtorek i \u015broda: 12.00-18.00, czwartek i pi\u0105tek: 9.00-18.00<\/p>\n","protected":false},"excerpt":{"rendered":"<p>Filia Biblioteczna w Przyg\u0142owieul. Sulejowska 3397 &#8211; 330 Sulej\u00f3wtel. 44 789 03 05email: przyglow@biblioteka.sulejow.plGodziny otwarcia: wtorek i \u015broda: 12.00-18.00, czwartek i pi\u0105tek: 9.00-18.00<\/p>\n","protected":false},"author":1,"featured_media":0,"parent":0,"menu_order":0,"comment_status":"closed","ping_status":"closed","template":"","meta":{"zakra_page_container_layout":"customizer","zakra_page_sidebar_layout":"customizer","zakra_remove_content_margin":false,"zakra_sidebar":"customizer","zakra_transparent_header":"customizer","zakra_logo":0,"zakra_main_header_style":"default","zakra_menu_item_color":"","zakra_menu_item_hover_color":"","zakra_menu_item_active_color":"","zakra_menu_active_style":"","zakra_page_header":true,"footnotes":"","_links_to":"","_links_to_target":""},"class_list":["post-26","page","type-page","status-publish","hentry"],"_links":{"self":[{"href":"https:\/\/biblioteka.sulejow.pl\/index.php?rest_route=\/wp\/v2\/pages\/26","targetHints":{"allow":["GET"]}}],"collection":[{"href":"https:\/\/biblioteka.sulejow.pl\/index.php?rest_route=\/wp\/v2\/pages"}],"about":[{"href":"https:\/\/biblioteka.sulejow.pl\/index.php?rest_route=\/wp\/v2\/types\/page"}],"author":[{"embeddable":true,"href":"https:\/\/biblioteka.sulejow.pl\/index.php?rest_route=\/wp\/v2\/users\/1"}],"replies":[{"embeddable":true,"href":"https:\/\/biblioteka.sulejow.pl\/index.php?rest_route=%2Fwp%2Fv2%2Fcomments&post=26"}],"version-history":[{"count":4,"href":"https:\/\/biblioteka.sulejow.pl\/index.php?rest_route=\/wp\/v2\/pages\/26\/revisions"}],"predecessor-version":[{"id":2011,"href":"https:\/\/biblioteka.sulejow.pl\/index.php?rest_route=\/wp\/v2\/pages\/26\/revisions\/2011"}],"wp:attachment":[{"href":"https:\/\/biblioteka.sulejow.pl\/index.php?rest_route=%2Fwp%2Fv2%2Fmedia&parent=26"}],"curies":[{"name":"wp","href":"https:\/\/api.w.org\/{rel}","templated":true}]}}